{"id":4023,"date":"2025-10-09T11:25:25","date_gmt":"2025-10-09T09:25:25","guid":{"rendered":"https:\/\/www.ayahuasca2026.com\/?page_id=4023"},"modified":"2026-02-17T18:20:16","modified_gmt":"2026-02-17T16:20:16","slug":"entradas","status":"publish","type":"page","link":"https:\/\/www.ayahuasca2026.com\/es\/entradas\/","title":{"rendered":"Entradas"},"content":{"rendered":"\t\t<div data-elementor-type=\"wp-page\" data-elementor-id=\"4023\" class=\"elementor elementor-4023 elementor-3152\" data-elementor-post-type=\"page\">\n\t\t\t\t<div class=\"elementor-element elementor-element-939585e e-flex e-con-boxed e-con e-parent\" data-id=\"939585e\" data-element_type=\"container\" data-settings=\"{&quot;background_background&quot;:&quot;classic&quot;}\">\n\t\t\t\t\t<div class=\"e-con-inner\">\n\t\t\t\t<div class=\"elementor-element elementor-element-70ac3e9 elementor-widget__width-initial elementor-widget elementor-widget-heading\" data-id=\"70ac3e9\" data-element_type=\"widget\" data-widget_type=\"heading.default\">\n\t\t\t\t<div class=\"elementor-widget-container\">\n\t\t\t\t\t<h1 class=\"elementor-heading-title elementor-size-default\">Entradas<\/h1>\t\t\t\t<\/div>\n\t\t\t\t<\/div>\n\t\t\t\t\t<\/div>\n\t\t\t\t<\/div>\n\t\t<div class=\"elementor-element elementor-element-7bd3f03 e-flex e-con-boxed e-con e-parent\" data-id=\"7bd3f03\" data-element_type=\"container\" data-settings=\"{&quot;background_background&quot;:&quot;classic&quot;}\">\n\t\t\t\t\t<div class=\"e-con-inner\">\n\t\t\t\t<div class=\"elementor-element elementor-element-fb4b603 elementor-widget__width-initial elementor-widget elementor-widget-text-editor\" data-id=\"fb4b603\" data-element_type=\"widget\" data-widget_type=\"text-editor.default\">\n\t\t\t\t<div class=\"elementor-widget-container\">\n\t\t\t\t\t\t\t\t\t<p style=\"text-align: center;\"><strong style=\"text-align: start;\">Ahorra 100 \u20ac antes de que suban los precios<\/strong><span style=\"text-align: start;\">\u00a0<br \/>Ya se ha perdido la oferta para los m\u00e1s madrugadores, pero a\u00fan puedes reservar tu plaza con un importante descuento sobre el precio de la entrada general.<br \/><\/span><\/p>\t\t\t\t\t\t\t\t<\/div>\n\t\t\t\t<\/div>\n\t\t\t\t\t<\/div>\n\t\t\t\t<\/div>\n\t\t<div class=\"elementor-element elementor-element-d0b4970 e-flex e-con-boxed e-con e-parent\" data-id=\"d0b4970\" data-element_type=\"container\" data-settings=\"{&quot;background_background&quot;:&quot;classic&quot;}\">\n\t\t\t\t\t<div class=\"e-con-inner\">\n\t\t\t\t<div class=\"elementor-element elementor-element-ff3b37a elementor-widget elementor-widget-html\" data-id=\"ff3b37a\" data-element_type=\"widget\" data-widget_type=\"html.default\">\n\t\t\t\t<div class=\"elementor-widget-container\">\n\t\t\t\t\t<pretix-widget event=\"https:\/\/pretix.eu\/iceers\/aya2026\/\"><\/pretix-widget>\n<noscript>\n   <div class=\"pretix-widget\">\n        <div class=\"pretix-widget-info-message\">\n            JavaScript est\u00e1 desactivado en su navegador. Para acceder a nuestra taquilla virtual sin JavaScript, por favor\n            <a target=\"_blank\" rel=\"noopener\" href=\"https:\/\/pretix.eu\/iceers\/aya2026\/\">haga clic aqu\u00ed.<\/a>\n        <\/div>\n    <\/div>\n<\/noscript>\n\t\t\t\t<\/div>\n\t\t\t\t<\/div>\n\t\t\t\t\t<\/div>\n\t\t\t\t<\/div>\n\t\t<div class=\"elementor-element elementor-element-b33b09e e-flex e-con-boxed e-con e-parent\" data-id=\"b33b09e\" data-element_type=\"container\" data-settings=\"{&quot;background_background&quot;:&quot;classic&quot;}\">\n\t\t\t\t\t<div class=\"e-con-inner\">\n\t\t\t\t<div class=\"elementor-element elementor-element-b161f74 elementor-widget__width-inherit elementor-widget elementor-widget-text-editor\" data-id=\"b161f74\" data-element_type=\"widget\" data-widget_type=\"text-editor.default\">\n\t\t\t\t<div class=\"elementor-widget-container\">\n\t\t\t\t\t\t\t\t\t<p>\u00bfTe preguntas si este Forum es para ti?<\/p>\t\t\t\t\t\t\t\t<\/div>\n\t\t\t\t<\/div>\n\t\t\t\t<div class=\"elementor-element elementor-element-406dbd7 elementor-widget__width-initial elementor-widget-mobile__width-initial elementor-widget elementor-widget-text-editor\" data-id=\"406dbd7\" data-element_type=\"widget\" data-widget_type=\"text-editor.default\">\n\t\t\t\t<div class=\"elementor-widget-container\">\n\t\t\t\t\t\t\t\t\t<p style=\"text-align: center;\">Vive el esp\u00edritu de nuestros encuentros anteriores: una comunidad viva y diversa, unida por la co-creaci\u00f3n, el respeto mutuo y una conexi\u00f3n profunda que trasciende culturas y disciplinas.<\/p><p style=\"text-align: center;\"><strong>\u00a1\u00danete a nosotros en 2026!<\/strong><\/p>\t\t\t\t\t\t\t\t<\/div>\n\t\t\t\t<\/div>\n\t\t\t\t<div class=\"elementor-element elementor-element-2ba5912 elementor-widget elementor-widget-video\" data-id=\"2ba5912\" data-element_type=\"widget\" data-settings=\"{&quot;youtube_url&quot;:&quot;https:\\\/\\\/www.youtube.com\\\/watch?v=5mVhUqbEynQ&quot;,&quot;video_type&quot;:&quot;youtube&quot;,&quot;controls&quot;:&quot;yes&quot;}\" data-widget_type=\"video.default\">\n\t\t\t\t<div class=\"elementor-widget-container\">\n\t\t\t\t\t\t\t<div class=\"elementor-wrapper elementor-open-inline\">\n\t\t\t<div class=\"elementor-video\"><\/div>\t\t<\/div>\n\t\t\t\t\t\t<\/div>\n\t\t\t\t<\/div>\n\t\t\t\t\t<\/div>\n\t\t\t\t<\/div>\n\t\t<div class=\"elementor-element elementor-element-07fbed7 e-flex e-con-boxed e-con e-parent\" data-id=\"07fbed7\" data-element_type=\"container\" data-settings=\"{&quot;background_background&quot;:&quot;classic&quot;}\">\n\t\t\t\t\t<div class=\"e-con-inner\">\n\t\t\t\t<div class=\"elementor-element elementor-element-10425b1 elementor-widget__width-initial elementor-widget elementor-widget-heading\" data-id=\"10425b1\" data-element_type=\"widget\" data-widget_type=\"heading.default\">\n\t\t\t\t<div class=\"elementor-widget-container\">\n\t\t\t\t\t<h1 class=\"elementor-heading-title elementor-size-default\">Preguntas Frecuentes<\/h1>\t\t\t\t<\/div>\n\t\t\t\t<\/div>\n\t\t\t\t\t<\/div>\n\t\t\t\t<\/div>\n\t\t<div class=\"elementor-element elementor-element-9d7d7b5 e-flex e-con-boxed e-con e-parent\" data-id=\"9d7d7b5\" data-element_type=\"container\" data-settings=\"{&quot;background_background&quot;:&quot;classic&quot;}\">\n\t\t\t\t\t<div class=\"e-con-inner\">\n\t\t\t\t<div class=\"elementor-element elementor-element-8a3bc49 elementor-widget elementor-widget-n-accordion\" data-id=\"8a3bc49\" data-element_type=\"widget\" data-settings=\"{&quot;default_state&quot;:&quot;all_collapsed&quot;,&quot;max_items_expended&quot;:&quot;one&quot;,&quot;n_accordion_animation_duration&quot;:{&quot;unit&quot;:&quot;ms&quot;,&quot;size&quot;:400,&quot;sizes&quot;:[]}}\" data-widget_type=\"nested-accordion.default\">\n\t\t\t\t<div class=\"elementor-widget-container\">\n\t\t\t\t\t\t\t<div class=\"e-n-accordion\" aria-label=\"Accordion. Open links with Enter or Space, close with Escape, and navigate with Arrow Keys\">\n\t\t\t\t\t\t<details id=\"e-n-accordion-item-1440\" class=\"e-n-accordion-item\" >\n\t\t\t\t<summary class=\"e-n-accordion-item-title\" data-accordion-index=\"1\" tabindex=\"0\" aria-expanded=\"false\" aria-controls=\"e-n-accordion-item-1440\" >\n\t\t\t\t\t<span class='e-n-accordion-item-title-header'><div class=\"e-n-accordion-item-title-text\"> Qu\u00e9 incluye tu entrada al Foro <\/div><\/span>\n\t\t\t\t\t\t\t<span class='e-n-accordion-item-title-icon'>\n\t\t\t<span class='e-opened' ><svg aria-hidden=\"true\" class=\"e-font-icon-svg e-fas-minus\" viewBox=\"0 0 448 512\" xmlns=\"http:\/\/www.w3.org\/2000\/svg\"><path d=\"M416 208H32c-17.67 0-32 14.33-32 32v32c0 17.67 14.33 32 32 32h384c17.67 0 32-14.33 32-32v-32c0-17.67-14.33-32-32-32z\"><\/path><\/svg><\/span>\n\t\t\t<span class='e-closed'><svg aria-hidden=\"true\" class=\"e-font-icon-svg e-fas-plus\" viewBox=\"0 0 448 512\" xmlns=\"http:\/\/www.w3.org\/2000\/svg\"><path d=\"M416 208H272V64c0-17.67-14.33-32-32-32h-32c-17.67 0-32 14.33-32 32v144H32c-17.67 0-32 14.33-32 32v32c0 17.67 14.33 32 32 32h144v144c0 17.67 14.33 32 32 32h32c17.67 0 32-14.33 32-32V304h144c17.67 0 32-14.33 32-32v-32c0-17.67-14.33-32-32-32z\"><\/path><\/svg><\/span>\n\t\t<\/span>\n\n\t\t\t\t\t\t<\/summary>\n\t\t\t\t<div role=\"region\" aria-labelledby=\"e-n-accordion-item-1440\" class=\"elementor-element elementor-element-320a917 e-con-full e-flex e-con e-child\" data-id=\"320a917\" data-element_type=\"container\">\n\t\t\t\t<div class=\"elementor-element elementor-element-d5b7492 elementor-widget elementor-widget-text-editor\" data-id=\"d5b7492\" data-element_type=\"widget\" data-widget_type=\"text-editor.default\">\n\t\t\t\t<div class=\"elementor-widget-container\">\n\t\t\t\t\t\t\t\t\t<p><span style=\"font-weight: 400;\">Tu entrada garantiza el acceso completo a los tres d\u00edas centrales del encuentro. Esto incluye la admisi\u00f3n a las sedes del Palau y la Fira y a todas las salas de conferencias abiertas del <\/span><b>11 al 13 de septiembre de 2026<\/b><span style=\"font-weight: 400;\">.<\/span><\/p><p><b>Tu entrada incluye:<\/b><\/p><ul><li style=\"font-weight: 400;\" aria-level=\"1\"><span style=\"font-weight: 400;\">Acceso a todas las sesiones plenarias, mesas redondas, di\u00e1logos, presentaciones y actuaciones en las salas p\u00fablicas.<\/span><\/li><li style=\"font-weight: 400;\" aria-level=\"1\"><span style=\"font-weight: 400;\">Acceso a las \u00e1reas comunes, zonas de networking y espacios expositivos.<\/span><\/li><li style=\"font-weight: 400;\" aria-level=\"1\"><span style=\"font-weight: 400;\">T\u00e9 y agua a disposici\u00f3n en los puntos de hidrataci\u00f3n distribuidos por el recinto.<\/span><\/li><\/ul><p><b><br \/>Ten en cuenta:<\/b><\/p><ul><li style=\"font-weight: 400;\" aria-level=\"1\"><b>Los eventos previos al Foro<\/b><span style=\"font-weight: 400;\"> (talleres, cursos o formaciones especiales) no est\u00e1n incluidos y requieren entradas aparte.<\/span><\/li><li style=\"font-weight: 400;\" aria-level=\"1\"><b>Las comidas y otras bebidas<\/b><span style=\"font-weight: 400;\"> no est\u00e1n incluidas, a excepci\u00f3n del t\u00e9 y el agua a disposici\u00f3n.<\/span><\/li><\/ul>\t\t\t\t\t\t\t\t<\/div>\n\t\t\t\t<\/div>\n\t\t\t\t<\/div>\n\t\t\t\t\t<\/details>\n\t\t\t\t\t\t<details id=\"e-n-accordion-item-1441\" class=\"e-n-accordion-item\" >\n\t\t\t\t<summary class=\"e-n-accordion-item-title\" data-accordion-index=\"2\" tabindex=\"-1\" aria-expanded=\"false\" aria-controls=\"e-n-accordion-item-1441\" >\n\t\t\t\t\t<span class='e-n-accordion-item-title-header'><div class=\"e-n-accordion-item-title-text\"> Comida y bebidas <\/div><\/span>\n\t\t\t\t\t\t\t<span class='e-n-accordion-item-title-icon'>\n\t\t\t<span class='e-opened' ><svg aria-hidden=\"true\" class=\"e-font-icon-svg e-fas-minus\" viewBox=\"0 0 448 512\" xmlns=\"http:\/\/www.w3.org\/2000\/svg\"><path d=\"M416 208H32c-17.67 0-32 14.33-32 32v32c0 17.67 14.33 32 32 32h384c17.67 0 32-14.33 32-32v-32c0-17.67-14.33-32-32-32z\"><\/path><\/svg><\/span>\n\t\t\t<span class='e-closed'><svg aria-hidden=\"true\" class=\"e-font-icon-svg e-fas-plus\" viewBox=\"0 0 448 512\" xmlns=\"http:\/\/www.w3.org\/2000\/svg\"><path d=\"M416 208H272V64c0-17.67-14.33-32-32-32h-32c-17.67 0-32 14.33-32 32v144H32c-17.67 0-32 14.33-32 32v32c0 17.67 14.33 32 32 32h144v144c0 17.67 14.33 32 32 32h32c17.67 0 32-14.33 32-32V304h144c17.67 0 32-14.33 32-32v-32c0-17.67-14.33-32-32-32z\"><\/path><\/svg><\/span>\n\t\t<\/span>\n\n\t\t\t\t\t\t<\/summary>\n\t\t\t\t<div role=\"region\" aria-labelledby=\"e-n-accordion-item-1441\" class=\"elementor-element elementor-element-1a85465 e-con-full e-flex e-con e-child\" data-id=\"1a85465\" data-element_type=\"container\">\n\t\t\t\t<div class=\"elementor-element elementor-element-bb989b6 elementor-widget elementor-widget-text-editor\" data-id=\"bb989b6\" data-element_type=\"widget\" data-widget_type=\"text-editor.default\">\n\t\t\t\t<div class=\"elementor-widget-container\">\n\t\t\t\t\t\t\t\t\t<ul><li style=\"font-weight: 400;\" aria-level=\"1\"><b>Entradas para comidas:<\/b><span style=\"font-weight: 400;\"> Habr\u00e1 una selecci\u00f3n de opciones de comida nutritiva disponibles para compra por separado. <\/span>Suscr\u00edbete a nuestro bolet\u00edn<span style=\"font-weight: 400;\"> para ser notificado cuando salgan a la venta las entradas para comidas.<br \/><br \/><\/span><\/li><li style=\"font-weight: 400;\" aria-level=\"1\"><b>Caf\u00e9 y aperitivos:<\/b><span style=\"font-weight: 400;\"> El caf\u00e9 y aperitivos ligeros estar\u00e1n disponibles para su compra durante el d\u00eda en zonas designadas.<\/span><\/li><\/ul>\t\t\t\t\t\t\t\t<\/div>\n\t\t\t\t<\/div>\n\t\t\t\t<\/div>\n\t\t\t\t\t<\/details>\n\t\t\t\t\t<\/div>\n\t\t\t\t\t<script type=\"application\/ld+json\">{\"@context\":\"https:\\\/\\\/schema.org\",\"@type\":\"FAQPage\",\"mainEntity\":[{\"@type\":\"Question\",\"name\":\"Qu\\u00e9 incluye tu entrada al Foro\",\"acceptedAnswer\":{\"@type\":\"Answer\",\"text\":\"\"}},{\"@type\":\"Question\",\"name\":\"Comida y bebidas\",\"acceptedAnswer\":{\"@type\":\"Answer\",\"text\":\"\"}}]}<\/script>\n\t\t\t\t\t\t\t<\/div>\n\t\t\t\t<\/div>\n\t\t\t\t\t<\/div>\n\t\t\t\t<\/div>\n\t\t<div class=\"elementor-element elementor-element-b7ec0f7 e-flex e-con-boxed e-con e-parent\" data-id=\"b7ec0f7\" data-element_type=\"container\" data-settings=\"{&quot;background_background&quot;:&quot;classic&quot;}\">\n\t\t\t\t\t<div class=\"e-con-inner\">\n\t\t\t\t<div class=\"elementor-element elementor-element-44bd12e elementor-widget__width-initial elementor-widget elementor-widget-heading\" data-id=\"44bd12e\" data-element_type=\"widget\" data-widget_type=\"heading.default\">\n\t\t\t\t<div class=\"elementor-widget-container\">\n\t\t\t\t\t<h1 class=\"elementor-heading-title elementor-size-default\">Consigue hoy mismo tus entradas anticipadas<\/h1>\t\t\t\t<\/div>\n\t\t\t\t<\/div>\n\t\t\t\t\t<\/div>\n\t\t\t\t<\/div>\n\t\t<div class=\"elementor-element elementor-element-f922375 e-flex e-con-boxed e-con e-parent\" data-id=\"f922375\" data-element_type=\"container\" data-settings=\"{&quot;background_background&quot;:&quot;classic&quot;}\">\n\t\t\t\t\t<div class=\"e-con-inner\">\n\t\t\t\t<div class=\"elementor-element elementor-element-56bda05 elementor-widget__width-initial elementor-widget elementor-widget-text-editor\" data-id=\"56bda05\" data-element_type=\"widget\" data-widget_type=\"text-editor.default\">\n\t\t\t\t<div class=\"elementor-widget-container\">\n\t\t\t\t\t\t\t\t\t<p style=\"text-align: center;\">Al comprar tus <strong>entradas,<\/strong> no s\u00f3lo <strong>ahorras un 20 %,<\/strong> sino que te conviertes en parte de los cimientos de este Foro. <strong>Est\u00e1s ayudando a cocrear un encuentro sin precedentes con m\u00e1s de 100 l\u00edderes ind\u00edgenas.<\/strong><\/p>\t\t\t\t\t\t\t\t<\/div>\n\t\t\t\t<\/div>\n\t\t\t\t\t<\/div>\n\t\t\t\t<\/div>\n\t\t<div class=\"elementor-element elementor-element-f29565f e-flex e-con-boxed e-con e-parent\" data-id=\"f29565f\" data-element_type=\"container\" data-settings=\"{&quot;background_background&quot;:&quot;classic&quot;}\">\n\t\t\t\t\t<div class=\"e-con-inner\">\n\t\t\t\t<div class=\"elementor-element elementor-element-736b0e8 elementor-widget elementor-widget-html\" data-id=\"736b0e8\" data-element_type=\"widget\" data-widget_type=\"html.default\">\n\t\t\t\t<div class=\"elementor-widget-container\">\n\t\t\t\t\t<pretix-widget event=\"https:\/\/pretix.eu\/iceers\/aya2026\/\"><\/pretix-widget>\n<noscript>\n   <div class=\"pretix-widget\">\n        <div class=\"pretix-widget-info-message\">\n            JavaScript est\u00e1 desactivado en su navegador. Para acceder a nuestra taquilla virtual sin JavaScript, por favor\n            <a target=\"_blank\" rel=\"noopener\" href=\"https:\/\/pretix.eu\/iceers\/aya2026\/\">haga clic aqu\u00ed.<\/a>\n        <\/div>\n    <\/div>\n<\/noscript>\n\t\t\t\t<\/div>\n\t\t\t\t<\/div>\n\t\t\t\t\t<\/div>\n\t\t\t\t<\/div>\n\t\t\t\t<\/div>\n\t\t","protected":false},"excerpt":{"rendered":"<p>Entradas Ahorra 100 \u20ac antes de que suban los precios\u00a0Ya se ha perdido la oferta para los m\u00e1s madrugadores, pero a\u00fan puedes reservar tu plaza con un importante descuento sobre el precio de la entrada general. JavaScript est\u00e1 desactivado en su navegador. Para acceder a nuestra taquilla virtual sin JavaScript, por favor haga clic aqu\u00ed. [&hellip;]<\/p>\n","protected":false},"author":10,"featured_media":0,"parent":0,"menu_order":0,"comment_status":"closed","ping_status":"closed","template":"","meta":{"footnotes":""},"class_list":["post-4023","page","type-page","status-publish","hentry"],"yoast_head":"<!-- This site is optimized with the Yoast SEO plugin v27.2 - https:\/\/yoast.com\/product\/yoast-seo-wordpress\/ -->\n<title>Entradas | FORO MUNDIAL DE LA AYAHUASCA<\/title>\n<meta name=\"robots\" content=\"index, follow, max-snippet:-1, max-image-preview:large, max-video-preview:-1\" \/>\n<link rel=\"canonical\" href=\"https:\/\/www.ayahuasca2026.com\/es\/entradas\/\" \/>\n<meta property=\"og:locale\" content=\"es_ES\" \/>\n<meta property=\"og:type\" content=\"article\" \/>\n<meta property=\"og:title\" content=\"Entradas | FORO MUNDIAL DE LA AYAHUASCA\" \/>\n<meta property=\"og:description\" content=\"Entradas Ahorra 100 \u20ac antes de que suban los precios\u00a0Ya se ha perdido la oferta para los m\u00e1s madrugadores, pero a\u00fan puedes reservar tu plaza con un importante descuento sobre el precio de la entrada general. JavaScript est\u00e1 desactivado en su navegador. Para acceder a nuestra taquilla virtual sin JavaScript, por favor haga clic aqu\u00ed. [&hellip;]\" \/>\n<meta property=\"og:url\" content=\"https:\/\/www.ayahuasca2026.com\/es\/entradas\/\" \/>\n<meta property=\"og:site_name\" content=\"FORO MUNDIAL DE LA AYAHUASCA\" \/>\n<meta property=\"article:modified_time\" content=\"2026-02-17T16:20:16+00:00\" \/>\n<meta name=\"twitter:card\" content=\"summary_large_image\" \/>\n<meta name=\"twitter:label1\" content=\"Est. reading time\" \/>\n\t<meta name=\"twitter:data1\" content=\"3 minutos\" \/>\n<script type=\"application\/ld+json\" class=\"yoast-schema-graph\">{\"@context\":\"https:\/\/schema.org\",\"@graph\":[{\"@type\":\"WebPage\",\"@id\":\"https:\/\/www.ayahuasca2026.com\/es\/entradas\/\",\"url\":\"https:\/\/www.ayahuasca2026.com\/es\/entradas\/\",\"name\":\"Entradas | FORO MUNDIAL DE LA AYAHUASCA\",\"isPartOf\":{\"@id\":\"https:\/\/www.ayahuasca2026.com\/es\/#website\"},\"datePublished\":\"2025-10-09T09:25:25+00:00\",\"dateModified\":\"2026-02-17T16:20:16+00:00\",\"breadcrumb\":{\"@id\":\"https:\/\/www.ayahuasca2026.com\/es\/entradas\/#breadcrumb\"},\"inLanguage\":\"es\",\"potentialAction\":[{\"@type\":\"ReadAction\",\"target\":[\"https:\/\/www.ayahuasca2026.com\/es\/entradas\/\"]}]},{\"@type\":\"BreadcrumbList\",\"@id\":\"https:\/\/www.ayahuasca2026.com\/es\/entradas\/#breadcrumb\",\"itemListElement\":[{\"@type\":\"ListItem\",\"position\":1,\"name\":\"Home\",\"item\":\"https:\/\/www.ayahuasca2026.com\/es\/\"},{\"@type\":\"ListItem\",\"position\":2,\"name\":\"Entradas\"}]},{\"@type\":\"WebSite\",\"@id\":\"https:\/\/www.ayahuasca2026.com\/es\/#website\",\"url\":\"https:\/\/www.ayahuasca2026.com\/es\/\",\"name\":\"World Ayahuasca Forum\",\"description\":\"\",\"publisher\":{\"@id\":\"https:\/\/www.ayahuasca2026.com\/es\/#organization\"},\"potentialAction\":[{\"@type\":\"SearchAction\",\"target\":{\"@type\":\"EntryPoint\",\"urlTemplate\":\"https:\/\/www.ayahuasca2026.com\/es\/?s={search_term_string}\"},\"query-input\":{\"@type\":\"PropertyValueSpecification\",\"valueRequired\":true,\"valueName\":\"search_term_string\"}}],\"inLanguage\":\"es\"},{\"@type\":\"Organization\",\"@id\":\"https:\/\/www.ayahuasca2026.com\/es\/#organization\",\"name\":\"World Ayahuasca Forum\",\"url\":\"https:\/\/www.ayahuasca2026.com\/es\/\",\"logo\":{\"@type\":\"ImageObject\",\"inLanguage\":\"es\",\"@id\":\"https:\/\/www.ayahuasca2026.com\/es\/#\/schema\/logo\/image\/\",\"url\":\"https:\/\/www.ayahuasca2026.com\/wp-content\/uploads\/2025\/05\/Ayahuasca-logo-m.webp\",\"contentUrl\":\"https:\/\/www.ayahuasca2026.com\/wp-content\/uploads\/2025\/05\/Ayahuasca-logo-m.webp\",\"width\":320,\"height\":319,\"caption\":\"World Ayahuasca Forum\"},\"image\":{\"@id\":\"https:\/\/www.ayahuasca2026.com\/es\/#\/schema\/logo\/image\/\"}}]}<\/script>\n<!-- \/ Yoast SEO plugin. -->","yoast_head_json":{"title":"Entradas | FORO MUNDIAL DE LA AYAHUASCA","robots":{"index":"index","follow":"follow","max-snippet":"max-snippet:-1","max-image-preview":"max-image-preview:large","max-video-preview":"max-video-preview:-1"},"canonical":"https:\/\/www.ayahuasca2026.com\/es\/entradas\/","og_locale":"es_ES","og_type":"article","og_title":"Entradas | FORO MUNDIAL DE LA AYAHUASCA","og_description":"Entradas Ahorra 100 \u20ac antes de que suban los precios\u00a0Ya se ha perdido la oferta para los m\u00e1s madrugadores, pero a\u00fan puedes reservar tu plaza con un importante descuento sobre el precio de la entrada general. JavaScript est\u00e1 desactivado en su navegador. Para acceder a nuestra taquilla virtual sin JavaScript, por favor haga clic aqu\u00ed. [&hellip;]","og_url":"https:\/\/www.ayahuasca2026.com\/es\/entradas\/","og_site_name":"FORO MUNDIAL DE LA AYAHUASCA","article_modified_time":"2026-02-17T16:20:16+00:00","twitter_card":"summary_large_image","twitter_misc":{"Est. reading time":"3 minutos"},"schema":{"@context":"https:\/\/schema.org","@graph":[{"@type":"WebPage","@id":"https:\/\/www.ayahuasca2026.com\/es\/entradas\/","url":"https:\/\/www.ayahuasca2026.com\/es\/entradas\/","name":"Entradas | FORO MUNDIAL DE LA AYAHUASCA","isPartOf":{"@id":"https:\/\/www.ayahuasca2026.com\/es\/#website"},"datePublished":"2025-10-09T09:25:25+00:00","dateModified":"2026-02-17T16:20:16+00:00","breadcrumb":{"@id":"https:\/\/www.ayahuasca2026.com\/es\/entradas\/#breadcrumb"},"inLanguage":"es","potentialAction":[{"@type":"ReadAction","target":["https:\/\/www.ayahuasca2026.com\/es\/entradas\/"]}]},{"@type":"BreadcrumbList","@id":"https:\/\/www.ayahuasca2026.com\/es\/entradas\/#breadcrumb","itemListElement":[{"@type":"ListItem","position":1,"name":"Home","item":"https:\/\/www.ayahuasca2026.com\/es\/"},{"@type":"ListItem","position":2,"name":"Entradas"}]},{"@type":"WebSite","@id":"https:\/\/www.ayahuasca2026.com\/es\/#website","url":"https:\/\/www.ayahuasca2026.com\/es\/","name":"World Ayahuasca Forum","description":"","publisher":{"@id":"https:\/\/www.ayahuasca2026.com\/es\/#organization"},"potentialAction":[{"@type":"SearchAction","target":{"@type":"EntryPoint","urlTemplate":"https:\/\/www.ayahuasca2026.com\/es\/?s={search_term_string}"},"query-input":{"@type":"PropertyValueSpecification","valueRequired":true,"valueName":"search_term_string"}}],"inLanguage":"es"},{"@type":"Organization","@id":"https:\/\/www.ayahuasca2026.com\/es\/#organization","name":"World Ayahuasca Forum","url":"https:\/\/www.ayahuasca2026.com\/es\/","logo":{"@type":"ImageObject","inLanguage":"es","@id":"https:\/\/www.ayahuasca2026.com\/es\/#\/schema\/logo\/image\/","url":"https:\/\/www.ayahuasca2026.com\/wp-content\/uploads\/2025\/05\/Ayahuasca-logo-m.webp","contentUrl":"https:\/\/www.ayahuasca2026.com\/wp-content\/uploads\/2025\/05\/Ayahuasca-logo-m.webp","width":320,"height":319,"caption":"World Ayahuasca Forum"},"image":{"@id":"https:\/\/www.ayahuasca2026.com\/es\/#\/schema\/logo\/image\/"}}]}},"_links":{"self":[{"href":"https:\/\/www.ayahuasca2026.com\/es\/wp-json\/wp\/v2\/pages\/4023","targetHints":{"allow":["GET"]}}],"collection":[{"href":"https:\/\/www.ayahuasca2026.com\/es\/wp-json\/wp\/v2\/pages"}],"about":[{"href":"https:\/\/www.ayahuasca2026.com\/es\/wp-json\/wp\/v2\/types\/page"}],"author":[{"embeddable":true,"href":"https:\/\/www.ayahuasca2026.com\/es\/wp-json\/wp\/v2\/users\/10"}],"replies":[{"embeddable":true,"href":"https:\/\/www.ayahuasca2026.com\/es\/wp-json\/wp\/v2\/comments?post=4023"}],"version-history":[{"count":24,"href":"https:\/\/www.ayahuasca2026.com\/es\/wp-json\/wp\/v2\/pages\/4023\/revisions"}],"predecessor-version":[{"id":5931,"href":"https:\/\/www.ayahuasca2026.com\/es\/wp-json\/wp\/v2\/pages\/4023\/revisions\/5931"}],"wp:attachment":[{"href":"https:\/\/www.ayahuasca2026.com\/es\/wp-json\/wp\/v2\/media?parent=4023"}],"curies":[{"name":"wp","href":"https:\/\/api.w.org\/{rel}","templated":true}]}}