{"id":4030,"date":"2025-10-09T11:25:25","date_gmt":"2025-10-09T09:25:25","guid":{"rendered":"https:\/\/www.ayahuasca2026.com\/ayahuasca-tickets\/"},"modified":"2026-02-27T12:19:55","modified_gmt":"2026-02-27T10:19:55","slug":"ingressos","status":"publish","type":"page","link":"https:\/\/www.ayahuasca2026.com\/pt-br\/ingressos\/","title":{"rendered":"Ingressos"},"content":{"rendered":"\t\t<div data-elementor-type=\"wp-page\" data-elementor-id=\"4030\" class=\"elementor elementor-4030 elementor-3152\" data-elementor-post-type=\"page\">\n\t\t\t\t<div class=\"elementor-element elementor-element-939585e e-flex e-con-boxed e-con e-parent\" data-id=\"939585e\" data-element_type=\"container\" data-settings=\"{&quot;background_background&quot;:&quot;classic&quot;}\">\n\t\t\t\t\t<div class=\"e-con-inner\">\n\t\t\t\t<div class=\"elementor-element elementor-element-70ac3e9 elementor-widget__width-initial elementor-widget elementor-widget-heading\" data-id=\"70ac3e9\" data-element_type=\"widget\" data-widget_type=\"heading.default\">\n\t\t\t\t<div class=\"elementor-widget-container\">\n\t\t\t\t\t<h1 class=\"elementor-heading-title elementor-size-default\">Ingressos<\/h1>\t\t\t\t<\/div>\n\t\t\t\t<\/div>\n\t\t\t\t\t<\/div>\n\t\t\t\t<\/div>\n\t\t<div class=\"elementor-element elementor-element-7bd3f03 e-flex e-con-boxed e-con e-parent\" data-id=\"7bd3f03\" data-element_type=\"container\" data-settings=\"{&quot;background_background&quot;:&quot;classic&quot;}\">\n\t\t\t\t\t<div class=\"e-con-inner\">\n\t\t\t\t<div class=\"elementor-element elementor-element-fb4b603 elementor-widget__width-initial elementor-widget elementor-widget-text-editor\" data-id=\"fb4b603\" data-element_type=\"widget\" data-widget_type=\"text-editor.default\">\n\t\t\t\t<div class=\"elementor-widget-container\">\n\t\t\t\t\t\t\t\t\t<p style=\"text-align: center;\"><strong style=\"text-align: start;\">Economize \u20ac 100 antes que os pre\u00e7os aumentem<\/strong><span style=\"text-align: start;\">\u00a0<br \/><\/span>Se voc\u00ea perdeu os primeiros valores especiais, n\u00e3o se preocupe. Ainda h\u00e1 uma chance de garantir sua vaga com uma economia significativa em rela\u00e7\u00e3o ao pre\u00e7o da entrada geral.<\/p>\t\t\t\t\t\t\t\t<\/div>\n\t\t\t\t<\/div>\n\t\t\t\t\t<\/div>\n\t\t\t\t<\/div>\n\t\t<div class=\"elementor-element elementor-element-d0b4970 e-flex e-con-boxed e-con e-parent\" data-id=\"d0b4970\" data-element_type=\"container\" data-settings=\"{&quot;background_background&quot;:&quot;classic&quot;}\">\n\t\t\t\t\t<div class=\"e-con-inner\">\n\t\t\t\t<div class=\"elementor-element elementor-element-ff3b37a elementor-widget elementor-widget-html\" data-id=\"ff3b37a\" data-element_type=\"widget\" data-widget_type=\"html.default\">\n\t\t\t\t<div class=\"elementor-widget-container\">\n\t\t\t\t\t<pretix-widget event=\"https:\/\/pretix.eu\/iceers\/aya2026\/\"><\/pretix-widget>\n<noscript>\n   <div class=\"pretix-widget\">\n        <div class=\"pretix-widget-info-message\">\n            O JavaScript est\u00e1 desativado no seu navegador. Para acessar nossa bilheteria virtual sem JavaScript, por favor\n            <a target=\"_blank\" rel=\"noopener\" href=\"https:\/\/pretix.eu\/iceers\/aya2026\/\">clique aqui.<\/a>\n        <\/div>\n    <\/div>\n<\/noscript>\n\t\t\t\t<\/div>\n\t\t\t\t<\/div>\n\t\t\t\t\t<\/div>\n\t\t\t\t<\/div>\n\t\t<div class=\"elementor-element elementor-element-6cd9d9e e-flex e-con-boxed e-con e-parent\" data-id=\"6cd9d9e\" data-element_type=\"container\" data-settings=\"{&quot;background_background&quot;:&quot;classic&quot;}\">\n\t\t\t\t\t<div class=\"e-con-inner\">\n\t\t\t\t\t<\/div>\n\t\t\t\t<\/div>\n\t\t<div class=\"elementor-element elementor-element-b33b09e e-flex e-con-boxed e-con e-parent\" data-id=\"b33b09e\" data-element_type=\"container\" data-settings=\"{&quot;background_background&quot;:&quot;classic&quot;}\">\n\t\t\t\t\t<div class=\"e-con-inner\">\n\t\t\t\t<div class=\"elementor-element elementor-element-b161f74 elementor-widget__width-inherit elementor-widget elementor-widget-text-editor\" data-id=\"b161f74\" data-element_type=\"widget\" data-widget_type=\"text-editor.default\">\n\t\t\t\t<div class=\"elementor-widget-container\">\n\t\t\t\t\t\t\t\t\t<p>Quer saber se o f\u00f3rum \u00e9 para voc\u00ea?<\/p>\t\t\t\t\t\t\t\t<\/div>\n\t\t\t\t<\/div>\n\t\t\t\t<div class=\"elementor-element elementor-element-406dbd7 elementor-widget__width-initial elementor-widget-mobile__width-initial elementor-widget elementor-widget-text-editor\" data-id=\"406dbd7\" data-element_type=\"widget\" data-widget_type=\"text-editor.default\">\n\t\t\t\t<div class=\"elementor-widget-container\">\n\t\t\t\t\t\t\t\t\t<p style=\"text-align: center;\">Assista ao v\u00eddeo e sinta o esp\u00edrito de nossos encontros anteriores, uma comunidade vibrante unida pela constru\u00e7\u00e3o coletiva, pelo respeito e pela \u00e9tica.<\/p><p style=\"text-align: center;\"><strong>Junte-se a n\u00f3s em 2026!<\/strong><\/p>\t\t\t\t\t\t\t\t<\/div>\n\t\t\t\t<\/div>\n\t\t\t\t<div class=\"elementor-element elementor-element-2ba5912 elementor-widget elementor-widget-video\" data-id=\"2ba5912\" data-element_type=\"widget\" data-settings=\"{&quot;youtube_url&quot;:&quot;https:\\\/\\\/www.youtube.com\\\/watch?v=5mVhUqbEynQ&quot;,&quot;video_type&quot;:&quot;youtube&quot;,&quot;controls&quot;:&quot;yes&quot;}\" data-widget_type=\"video.default\">\n\t\t\t\t<div class=\"elementor-widget-container\">\n\t\t\t\t\t\t\t<div class=\"elementor-wrapper elementor-open-inline\">\n\t\t\t<div class=\"elementor-video\"><\/div>\t\t<\/div>\n\t\t\t\t\t\t<\/div>\n\t\t\t\t<\/div>\n\t\t\t\t\t<\/div>\n\t\t\t\t<\/div>\n\t\t<div class=\"elementor-element elementor-element-5ebe5d0 e-flex e-con-boxed e-con e-parent\" data-id=\"5ebe5d0\" data-element_type=\"container\" data-settings=\"{&quot;background_background&quot;:&quot;classic&quot;}\">\n\t\t\t\t\t<div class=\"e-con-inner\">\n\t\t\t\t<div class=\"elementor-element elementor-element-51793c9 elementor-widget__width-initial elementor-widget elementor-widget-heading\" data-id=\"51793c9\" data-element_type=\"widget\" data-widget_type=\"heading.default\">\n\t\t\t\t<div class=\"elementor-widget-container\">\n\t\t\t\t\t<h1 class=\"elementor-heading-title elementor-size-default\">Perguntas frequentes<\/h1>\t\t\t\t<\/div>\n\t\t\t\t<\/div>\n\t\t\t\t\t<\/div>\n\t\t\t\t<\/div>\n\t\t<div class=\"elementor-element elementor-element-babca01 e-flex e-con-boxed e-con e-parent\" data-id=\"babca01\" data-element_type=\"container\" data-settings=\"{&quot;background_background&quot;:&quot;classic&quot;}\">\n\t\t\t\t\t<div class=\"e-con-inner\">\n\t\t\t\t<div class=\"elementor-element elementor-element-783f905 elementor-widget elementor-widget-n-accordion\" data-id=\"783f905\" data-element_type=\"widget\" data-settings=\"{&quot;default_state&quot;:&quot;all_collapsed&quot;,&quot;max_items_expended&quot;:&quot;one&quot;,&quot;n_accordion_animation_duration&quot;:{&quot;unit&quot;:&quot;ms&quot;,&quot;size&quot;:400,&quot;sizes&quot;:[]}}\" data-widget_type=\"nested-accordion.default\">\n\t\t\t\t<div class=\"elementor-widget-container\">\n\t\t\t\t\t\t\t<div class=\"e-n-accordion\" aria-label=\"Accordion. Open links with Enter or Space, close with Escape, and navigate with Arrow Keys\">\n\t\t\t\t\t\t<details id=\"e-n-accordion-item-1260\" class=\"e-n-accordion-item\" >\n\t\t\t\t<summary class=\"e-n-accordion-item-title\" data-accordion-index=\"1\" tabindex=\"0\" aria-expanded=\"false\" aria-controls=\"e-n-accordion-item-1260\" >\n\t\t\t\t\t<span class='e-n-accordion-item-title-header'><div class=\"e-n-accordion-item-title-text\"> O que est\u00e1 inclu\u00eddo no seu ingresso para o F\u00f3rum <\/div><\/span>\n\t\t\t\t\t\t\t<span class='e-n-accordion-item-title-icon'>\n\t\t\t<span class='e-opened' ><svg aria-hidden=\"true\" class=\"e-font-icon-svg e-fas-minus\" viewBox=\"0 0 448 512\" xmlns=\"http:\/\/www.w3.org\/2000\/svg\"><path d=\"M416 208H32c-17.67 0-32 14.33-32 32v32c0 17.67 14.33 32 32 32h384c17.67 0 32-14.33 32-32v-32c0-17.67-14.33-32-32-32z\"><\/path><\/svg><\/span>\n\t\t\t<span class='e-closed'><svg aria-hidden=\"true\" class=\"e-font-icon-svg e-fas-plus\" viewBox=\"0 0 448 512\" xmlns=\"http:\/\/www.w3.org\/2000\/svg\"><path d=\"M416 208H272V64c0-17.67-14.33-32-32-32h-32c-17.67 0-32 14.33-32 32v144H32c-17.67 0-32 14.33-32 32v32c0 17.67 14.33 32 32 32h144v144c0 17.67 14.33 32 32 32h32c17.67 0 32-14.33 32-32V304h144c17.67 0 32-14.33 32-32v-32c0-17.67-14.33-32-32-32z\"><\/path><\/svg><\/span>\n\t\t<\/span>\n\n\t\t\t\t\t\t<\/summary>\n\t\t\t\t<div role=\"region\" aria-labelledby=\"e-n-accordion-item-1260\" class=\"elementor-element elementor-element-8588068 e-con-full e-flex e-con e-child\" data-id=\"8588068\" data-element_type=\"container\">\n\t\t\t\t<div class=\"elementor-element elementor-element-a182ece elementor-widget elementor-widget-text-editor\" data-id=\"a182ece\" data-element_type=\"widget\" data-widget_type=\"text-editor.default\">\n\t\t\t\t<div class=\"elementor-widget-container\">\n\t\t\t\t\t\t\t\t\t<p><span style=\"font-weight: 400;\">Seu ingresso garante acesso completo aos tr\u00eas dias principais do encontro. Isso inclui a entrada para as sedes Palau e Fira e para todas as salas de confer\u00eancia abertas de <\/span><b>11 a 13 de setembro de 2026<\/b><span style=\"font-weight: 400;\">.<\/span><\/p><p><b>Seu ingresso inclui:<\/b><\/p><ul><li style=\"font-weight: 400;\" aria-level=\"1\"><span style=\"font-weight: 400;\">Acesso a todas as sess\u00f5es principais, pain\u00e9is de debate, di\u00e1logos, apresenta\u00e7\u00f5es e performances nas salas p\u00fablicas.<\/span><\/li><li style=\"font-weight: 400;\" aria-level=\"1\"><span style=\"font-weight: 400;\">Acesso \u00e0s \u00e1reas comuns, espa\u00e7os de networking e \u00e1reas expositivas.<\/span><\/li><li style=\"font-weight: 400;\" aria-level=\"1\"><span style=\"font-weight: 400;\">Ch\u00e1 e \u00e1gua dispon\u00edveis nos postos de hidrata\u00e7\u00e3o distribu\u00eddos pelo local.<\/span><\/li><\/ul><p><b><br \/>Aten\u00e7\u00e3o:<\/b><\/p><ul><li style=\"font-weight: 400;\" aria-level=\"1\"><b>Eventos pr\u00e9-F\u00f3rum<\/b><span style=\"font-weight: 400;\"> (oficinas, cursos ou treinamentos especiais) n\u00e3o est\u00e3o inclu\u00eddos e requerem ingressos separados.<\/span><\/li><li style=\"font-weight: 400;\" aria-level=\"1\"><b>Refei\u00e7\u00f5es e outras bebidas<\/b><span style=\"font-weight: 400;\"> n\u00e3o est\u00e3o inclu\u00eddas, com exce\u00e7\u00e3o do ch\u00e1 e da \u00e1gua dispon\u00edveis.<\/span><\/li><\/ul>\t\t\t\t\t\t\t\t<\/div>\n\t\t\t\t<\/div>\n\t\t\t\t<\/div>\n\t\t\t\t\t<\/details>\n\t\t\t\t\t\t<details id=\"e-n-accordion-item-1261\" class=\"e-n-accordion-item\" >\n\t\t\t\t<summary class=\"e-n-accordion-item-title\" data-accordion-index=\"2\" tabindex=\"-1\" aria-expanded=\"false\" aria-controls=\"e-n-accordion-item-1261\" >\n\t\t\t\t\t<span class='e-n-accordion-item-title-header'><div class=\"e-n-accordion-item-title-text\"> Alimenta\u00e7\u00e3o e bebidas <\/div><\/span>\n\t\t\t\t\t\t\t<span class='e-n-accordion-item-title-icon'>\n\t\t\t<span class='e-opened' ><svg aria-hidden=\"true\" class=\"e-font-icon-svg e-fas-minus\" viewBox=\"0 0 448 512\" xmlns=\"http:\/\/www.w3.org\/2000\/svg\"><path d=\"M416 208H32c-17.67 0-32 14.33-32 32v32c0 17.67 14.33 32 32 32h384c17.67 0 32-14.33 32-32v-32c0-17.67-14.33-32-32-32z\"><\/path><\/svg><\/span>\n\t\t\t<span class='e-closed'><svg aria-hidden=\"true\" class=\"e-font-icon-svg e-fas-plus\" viewBox=\"0 0 448 512\" xmlns=\"http:\/\/www.w3.org\/2000\/svg\"><path d=\"M416 208H272V64c0-17.67-14.33-32-32-32h-32c-17.67 0-32 14.33-32 32v144H32c-17.67 0-32 14.33-32 32v32c0 17.67 14.33 32 32 32h144v144c0 17.67 14.33 32 32 32h32c17.67 0 32-14.33 32-32V304h144c17.67 0 32-14.33 32-32v-32c0-17.67-14.33-32-32-32z\"><\/path><\/svg><\/span>\n\t\t<\/span>\n\n\t\t\t\t\t\t<\/summary>\n\t\t\t\t<div role=\"region\" aria-labelledby=\"e-n-accordion-item-1261\" class=\"elementor-element elementor-element-9a50590 e-con-full e-flex e-con e-child\" data-id=\"9a50590\" data-element_type=\"container\">\n\t\t\t\t<div class=\"elementor-element elementor-element-3f024c8 elementor-widget elementor-widget-text-editor\" data-id=\"3f024c8\" data-element_type=\"widget\" data-widget_type=\"text-editor.default\">\n\t\t\t\t<div class=\"elementor-widget-container\">\n\t\t\t\t\t\t\t\t\t<ul><li style=\"font-weight: 400;\" aria-level=\"1\"><b>Ingressos para refei\u00e7\u00f5es:<\/b><span style=\"font-weight: 400;\"> Uma sele\u00e7\u00e3o de op\u00e7\u00f5es de refei\u00e7\u00f5es nutritivas estar\u00e1 dispon\u00edvel para compra separada. <\/span>Inscreva-se na nossa newsletter<span style=\"font-weight: 400;\"> para ser notificado quando os ingressos para refei\u00e7\u00f5es forem lan\u00e7ados.<br \/><br \/><\/span><\/li><li style=\"font-weight: 400;\" aria-level=\"1\"><b>Caf\u00e9 e lanches:<\/b><span style=\"font-weight: 400;\"> Caf\u00e9 e lanches leves estar\u00e3o dispon\u00edveis para compra durante o dia em \u00e1reas designadas.<\/span><\/li><\/ul>\t\t\t\t\t\t\t\t<\/div>\n\t\t\t\t<\/div>\n\t\t\t\t<\/div>\n\t\t\t\t\t<\/details>\n\t\t\t\t\t<\/div>\n\t\t\t\t\t<script type=\"application\/ld+json\">{\"@context\":\"https:\\\/\\\/schema.org\",\"@type\":\"FAQPage\",\"mainEntity\":[{\"@type\":\"Question\",\"name\":\"O que est\\u00e1 inclu\\u00eddo no seu ingresso para o F\\u00f3rum\",\"acceptedAnswer\":{\"@type\":\"Answer\",\"text\":\"\"}},{\"@type\":\"Question\",\"name\":\"Alimenta\\u00e7\\u00e3o e bebidas\",\"acceptedAnswer\":{\"@type\":\"Answer\",\"text\":\"\"}}]}<\/script>\n\t\t\t\t\t\t\t<\/div>\n\t\t\t\t<\/div>\n\t\t\t\t\t<\/div>\n\t\t\t\t<\/div>\n\t\t<div class=\"elementor-element elementor-element-b7ec0f7 e-flex e-con-boxed e-con e-parent\" data-id=\"b7ec0f7\" data-element_type=\"container\" data-settings=\"{&quot;background_background&quot;:&quot;classic&quot;}\">\n\t\t\t\t\t<div class=\"e-con-inner\">\n\t\t\t\t<div class=\"elementor-element elementor-element-44bd12e elementor-widget__width-initial elementor-widget elementor-widget-heading\" data-id=\"44bd12e\" data-element_type=\"widget\" data-widget_type=\"heading.default\">\n\t\t\t\t<div class=\"elementor-widget-container\">\n\t\t\t\t\t<h1 class=\"elementor-heading-title elementor-size-default\">Compre hoje mesmo seus ingressos antecipados<\/h1>\t\t\t\t<\/div>\n\t\t\t\t<\/div>\n\t\t\t\t\t<\/div>\n\t\t\t\t<\/div>\n\t\t<div class=\"elementor-element elementor-element-f922375 e-flex e-con-boxed e-con e-parent\" data-id=\"f922375\" data-element_type=\"container\" data-settings=\"{&quot;background_background&quot;:&quot;classic&quot;}\">\n\t\t\t\t\t<div class=\"e-con-inner\">\n\t\t\t\t<div class=\"elementor-element elementor-element-56bda05 elementor-widget__width-initial elementor-widget elementor-widget-text-editor\" data-id=\"56bda05\" data-element_type=\"widget\" data-widget_type=\"text-editor.default\">\n\t\t\t\t<div class=\"elementor-widget-container\">\n\t\t\t\t\t\t\t\t\t<p style=\"text-align: center;\"><b>Ao comprar seus ingressos agora, voc\u00ea n\u00e3o s\u00f3 economiza, como tamb\u00e9m passa a fazer parte da constru\u00e7\u00e3o deste f\u00f3rum<\/b>. Voc\u00ea est\u00e1 ajudando a criar um encontro sem precedentes com mais de 100 lideran\u00e7as ind\u00edgenas e 2.000 participantes. \u00c9 a sua chance de mergulhar no universo das bioculturas<\/p>\t\t\t\t\t\t\t\t<\/div>\n\t\t\t\t<\/div>\n\t\t\t\t\t<\/div>\n\t\t\t\t<\/div>\n\t\t<div class=\"elementor-element elementor-element-f29565f e-flex e-con-boxed e-con e-parent\" data-id=\"f29565f\" data-element_type=\"container\" data-settings=\"{&quot;background_background&quot;:&quot;classic&quot;}\">\n\t\t\t\t\t<div class=\"e-con-inner\">\n\t\t\t\t<div class=\"elementor-element elementor-element-736b0e8 elementor-widget elementor-widget-html\" data-id=\"736b0e8\" data-element_type=\"widget\" data-widget_type=\"html.default\">\n\t\t\t\t<div class=\"elementor-widget-container\">\n\t\t\t\t\t<pretix-widget event=\"https:\/\/pretix.eu\/iceers\/aya2026\/\"><\/pretix-widget>\n<noscript>\n   <div class=\"pretix-widget\">\n        <div class=\"pretix-widget-info-message\">\n            O JavaScript est\u00e1 desativado no seu navegador. Para acessar nossa bilheteria virtual sem JavaScript, por favor\n            <a target=\"_blank\" rel=\"noopener\" href=\"https:\/\/pretix.eu\/iceers\/aya2026\/\">clique aqui.<\/a>\n        <\/div>\n    <\/div>\n<\/noscript>\n\t\t\t\t<\/div>\n\t\t\t\t<\/div>\n\t\t\t\t\t<\/div>\n\t\t\t\t<\/div>\n\t\t\t\t<\/div>\n\t\t","protected":false},"excerpt":{"rendered":"<p>Ingressos Economize \u20ac 100 antes que os pre\u00e7os aumentem\u00a0Se voc\u00ea perdeu os primeiros valores especiais, n\u00e3o se preocupe. Ainda h\u00e1 uma chance de garantir sua vaga com uma economia significativa em rela\u00e7\u00e3o ao pre\u00e7o da entrada geral. O JavaScript est\u00e1 desativado no seu navegador. Para acessar nossa bilheteria virtual sem JavaScript, por favor clique aqui. [&hellip;]<\/p>\n","protected":false},"author":3,"featured_media":0,"parent":0,"menu_order":0,"comment_status":"closed","ping_status":"closed","template":"","meta":{"footnotes":""},"class_list":["post-4030","page","type-page","status-publish","hentry"],"yoast_head":"<!-- This site is optimized with the Yoast SEO plugin v27.2 - https:\/\/yoast.com\/product\/yoast-seo-wordpress\/ -->\n<title>Ingressos | F\u00d3RUM MUNDIAL DA AYAHUASCA<\/title>\n<meta name=\"robots\" content=\"index, follow, max-snippet:-1, max-image-preview:large, max-video-preview:-1\" \/>\n<link rel=\"canonical\" href=\"https:\/\/www.ayahuasca2026.com\/pt-br\/ingressos\/\" \/>\n<meta property=\"og:locale\" content=\"pt_BR\" \/>\n<meta property=\"og:type\" content=\"article\" \/>\n<meta property=\"og:title\" content=\"Ingressos | F\u00d3RUM MUNDIAL DA AYAHUASCA\" \/>\n<meta property=\"og:description\" content=\"Ingressos Economize \u20ac 100 antes que os pre\u00e7os aumentem\u00a0Se voc\u00ea perdeu os primeiros valores especiais, n\u00e3o se preocupe. Ainda h\u00e1 uma chance de garantir sua vaga com uma economia significativa em rela\u00e7\u00e3o ao pre\u00e7o da entrada geral. O JavaScript est\u00e1 desativado no seu navegador. Para acessar nossa bilheteria virtual sem JavaScript, por favor clique aqui. [&hellip;]\" \/>\n<meta property=\"og:url\" content=\"https:\/\/www.ayahuasca2026.com\/pt-br\/ingressos\/\" \/>\n<meta property=\"og:site_name\" content=\"F\u00d3RUM MUNDIAL DA AYAHUASCA\" \/>\n<meta property=\"article:modified_time\" content=\"2026-02-27T10:19:55+00:00\" \/>\n<meta name=\"twitter:card\" content=\"summary_large_image\" \/>\n<meta name=\"twitter:label1\" content=\"Est. reading time\" \/>\n\t<meta name=\"twitter:data1\" content=\"3 minutos\" \/>\n<script type=\"application\/ld+json\" class=\"yoast-schema-graph\">{\"@context\":\"https:\/\/schema.org\",\"@graph\":[{\"@type\":\"WebPage\",\"@id\":\"https:\/\/www.ayahuasca2026.com\/pt-br\/ingressos\/\",\"url\":\"https:\/\/www.ayahuasca2026.com\/pt-br\/ingressos\/\",\"name\":\"Ingressos | F\u00d3RUM MUNDIAL DA AYAHUASCA\",\"isPartOf\":{\"@id\":\"https:\/\/www.ayahuasca2026.com\/pt-br\/#website\"},\"datePublished\":\"2025-10-09T09:25:25+00:00\",\"dateModified\":\"2026-02-27T10:19:55+00:00\",\"breadcrumb\":{\"@id\":\"https:\/\/www.ayahuasca2026.com\/pt-br\/ingressos\/#breadcrumb\"},\"inLanguage\":\"pt-BR\",\"potentialAction\":[{\"@type\":\"ReadAction\",\"target\":[\"https:\/\/www.ayahuasca2026.com\/pt-br\/ingressos\/\"]}]},{\"@type\":\"BreadcrumbList\",\"@id\":\"https:\/\/www.ayahuasca2026.com\/pt-br\/ingressos\/#breadcrumb\",\"itemListElement\":[{\"@type\":\"ListItem\",\"position\":1,\"name\":\"Home\",\"item\":\"https:\/\/www.ayahuasca2026.com\/pt-br\/\"},{\"@type\":\"ListItem\",\"position\":2,\"name\":\"Ingressos\"}]},{\"@type\":\"WebSite\",\"@id\":\"https:\/\/www.ayahuasca2026.com\/pt-br\/#website\",\"url\":\"https:\/\/www.ayahuasca2026.com\/pt-br\/\",\"name\":\"World Ayahuasca Forum\",\"description\":\"\",\"publisher\":{\"@id\":\"https:\/\/www.ayahuasca2026.com\/pt-br\/#organization\"},\"potentialAction\":[{\"@type\":\"SearchAction\",\"target\":{\"@type\":\"EntryPoint\",\"urlTemplate\":\"https:\/\/www.ayahuasca2026.com\/pt-br\/?s={search_term_string}\"},\"query-input\":{\"@type\":\"PropertyValueSpecification\",\"valueRequired\":true,\"valueName\":\"search_term_string\"}}],\"inLanguage\":\"pt-BR\"},{\"@type\":\"Organization\",\"@id\":\"https:\/\/www.ayahuasca2026.com\/pt-br\/#organization\",\"name\":\"World Ayahuasca Forum\",\"url\":\"https:\/\/www.ayahuasca2026.com\/pt-br\/\",\"logo\":{\"@type\":\"ImageObject\",\"inLanguage\":\"pt-BR\",\"@id\":\"https:\/\/www.ayahuasca2026.com\/pt-br\/#\/schema\/logo\/image\/\",\"url\":\"https:\/\/www.ayahuasca2026.com\/wp-content\/uploads\/2025\/05\/Ayahuasca-logo-m.webp\",\"contentUrl\":\"https:\/\/www.ayahuasca2026.com\/wp-content\/uploads\/2025\/05\/Ayahuasca-logo-m.webp\",\"width\":320,\"height\":319,\"caption\":\"World Ayahuasca Forum\"},\"image\":{\"@id\":\"https:\/\/www.ayahuasca2026.com\/pt-br\/#\/schema\/logo\/image\/\"}}]}<\/script>\n<!-- \/ Yoast SEO plugin. -->","yoast_head_json":{"title":"Ingressos | F\u00d3RUM MUNDIAL DA AYAHUASCA","robots":{"index":"index","follow":"follow","max-snippet":"max-snippet:-1","max-image-preview":"max-image-preview:large","max-video-preview":"max-video-preview:-1"},"canonical":"https:\/\/www.ayahuasca2026.com\/pt-br\/ingressos\/","og_locale":"pt_BR","og_type":"article","og_title":"Ingressos | F\u00d3RUM MUNDIAL DA AYAHUASCA","og_description":"Ingressos Economize \u20ac 100 antes que os pre\u00e7os aumentem\u00a0Se voc\u00ea perdeu os primeiros valores especiais, n\u00e3o se preocupe. Ainda h\u00e1 uma chance de garantir sua vaga com uma economia significativa em rela\u00e7\u00e3o ao pre\u00e7o da entrada geral. O JavaScript est\u00e1 desativado no seu navegador. Para acessar nossa bilheteria virtual sem JavaScript, por favor clique aqui. [&hellip;]","og_url":"https:\/\/www.ayahuasca2026.com\/pt-br\/ingressos\/","og_site_name":"F\u00d3RUM MUNDIAL DA AYAHUASCA","article_modified_time":"2026-02-27T10:19:55+00:00","twitter_card":"summary_large_image","twitter_misc":{"Est. reading time":"3 minutos"},"schema":{"@context":"https:\/\/schema.org","@graph":[{"@type":"WebPage","@id":"https:\/\/www.ayahuasca2026.com\/pt-br\/ingressos\/","url":"https:\/\/www.ayahuasca2026.com\/pt-br\/ingressos\/","name":"Ingressos | F\u00d3RUM MUNDIAL DA AYAHUASCA","isPartOf":{"@id":"https:\/\/www.ayahuasca2026.com\/pt-br\/#website"},"datePublished":"2025-10-09T09:25:25+00:00","dateModified":"2026-02-27T10:19:55+00:00","breadcrumb":{"@id":"https:\/\/www.ayahuasca2026.com\/pt-br\/ingressos\/#breadcrumb"},"inLanguage":"pt-BR","potentialAction":[{"@type":"ReadAction","target":["https:\/\/www.ayahuasca2026.com\/pt-br\/ingressos\/"]}]},{"@type":"BreadcrumbList","@id":"https:\/\/www.ayahuasca2026.com\/pt-br\/ingressos\/#breadcrumb","itemListElement":[{"@type":"ListItem","position":1,"name":"Home","item":"https:\/\/www.ayahuasca2026.com\/pt-br\/"},{"@type":"ListItem","position":2,"name":"Ingressos"}]},{"@type":"WebSite","@id":"https:\/\/www.ayahuasca2026.com\/pt-br\/#website","url":"https:\/\/www.ayahuasca2026.com\/pt-br\/","name":"World Ayahuasca Forum","description":"","publisher":{"@id":"https:\/\/www.ayahuasca2026.com\/pt-br\/#organization"},"potentialAction":[{"@type":"SearchAction","target":{"@type":"EntryPoint","urlTemplate":"https:\/\/www.ayahuasca2026.com\/pt-br\/?s={search_term_string}"},"query-input":{"@type":"PropertyValueSpecification","valueRequired":true,"valueName":"search_term_string"}}],"inLanguage":"pt-BR"},{"@type":"Organization","@id":"https:\/\/www.ayahuasca2026.com\/pt-br\/#organization","name":"World Ayahuasca Forum","url":"https:\/\/www.ayahuasca2026.com\/pt-br\/","logo":{"@type":"ImageObject","inLanguage":"pt-BR","@id":"https:\/\/www.ayahuasca2026.com\/pt-br\/#\/schema\/logo\/image\/","url":"https:\/\/www.ayahuasca2026.com\/wp-content\/uploads\/2025\/05\/Ayahuasca-logo-m.webp","contentUrl":"https:\/\/www.ayahuasca2026.com\/wp-content\/uploads\/2025\/05\/Ayahuasca-logo-m.webp","width":320,"height":319,"caption":"World Ayahuasca Forum"},"image":{"@id":"https:\/\/www.ayahuasca2026.com\/pt-br\/#\/schema\/logo\/image\/"}}]}},"_links":{"self":[{"href":"https:\/\/www.ayahuasca2026.com\/pt-br\/wp-json\/wp\/v2\/pages\/4030","targetHints":{"allow":["GET"]}}],"collection":[{"href":"https:\/\/www.ayahuasca2026.com\/pt-br\/wp-json\/wp\/v2\/pages"}],"about":[{"href":"https:\/\/www.ayahuasca2026.com\/pt-br\/wp-json\/wp\/v2\/types\/page"}],"author":[{"embeddable":true,"href":"https:\/\/www.ayahuasca2026.com\/pt-br\/wp-json\/wp\/v2\/users\/3"}],"replies":[{"embeddable":true,"href":"https:\/\/www.ayahuasca2026.com\/pt-br\/wp-json\/wp\/v2\/comments?post=4030"}],"version-history":[{"count":52,"href":"https:\/\/www.ayahuasca2026.com\/pt-br\/wp-json\/wp\/v2\/pages\/4030\/revisions"}],"predecessor-version":[{"id":6084,"href":"https:\/\/www.ayahuasca2026.com\/pt-br\/wp-json\/wp\/v2\/pages\/4030\/revisions\/6084"}],"wp:attachment":[{"href":"https:\/\/www.ayahuasca2026.com\/pt-br\/wp-json\/wp\/v2\/media?parent=4030"}],"curies":[{"name":"wp","href":"https:\/\/api.w.org\/{rel}","templated":true}]}}