{"id":772,"date":"2025-05-29T09:30:15","date_gmt":"2025-05-29T07:30:15","guid":{"rendered":"https:\/\/www.ayahuasca2026.com\/contacte\/"},"modified":"2026-01-13T04:57:49","modified_gmt":"2026-01-13T02:57:49","slug":"contacte","status":"publish","type":"page","link":"https:\/\/www.ayahuasca2026.com\/pt-br\/contacte\/","title":{"rendered":"Contato"},"content":{"rendered":"\t\t<div data-elementor-type=\"wp-page\" data-elementor-id=\"772\" class=\"elementor elementor-772 elementor-456\" data-elementor-post-type=\"page\">\n\t\t\t\t<div class=\"elementor-element elementor-element-f044f8c e-flex e-con-boxed e-con e-parent\" data-id=\"f044f8c\" data-element_type=\"container\" data-settings=\"{&quot;background_background&quot;:&quot;classic&quot;}\">\n\t\t\t\t\t<div class=\"e-con-inner\">\n\t\t<div class=\"elementor-element elementor-element-9f3cedd e-con-full e-flex e-con e-child\" data-id=\"9f3cedd\" data-element_type=\"container\">\n\t\t\t\t<div class=\"elementor-element elementor-element-0ed0f4c elementor-widget__width-inherit elementor-widget elementor-widget-text-editor\" data-id=\"0ed0f4c\" data-element_type=\"widget\" data-widget_type=\"text-editor.default\">\n\t\t\t\t<div class=\"elementor-widget-container\">\n\t\t\t\t\t\t\t\t\t<p><strong>Gostar\u00edamos muito <\/strong><\/p><p><strong>de nos <\/strong><strong>conectarmos <\/strong><\/p><p><strong>com voc\u00ea! <\/strong><\/p>\t\t\t\t\t\t\t\t<\/div>\n\t\t\t\t<\/div>\n\t\t\t\t<div class=\"elementor-element elementor-element-ec3ed8f elementor-widget__width-inherit elementor-widget elementor-widget-text-editor\" data-id=\"ec3ed8f\" data-element_type=\"widget\" data-widget_type=\"text-editor.default\">\n\t\t\t\t<div class=\"elementor-widget-container\">\n\t\t\t\t\t\t\t\t\t<p data-start=\"63\" data-end=\"270\">Se voc\u00ea<strong> tem interesse em saber mais sobre as oportunidades para participar ou assistir<\/strong> ao f\u00f3rum, recomendamos que <strong>assine a nosso boletim.<\/strong><\/p><p data-start=\"63\" data-end=\"270\">\u00a0<\/p><p data-start=\"63\" data-end=\"270\">Periodicamente, compartilhamos novidades e informa\u00e7\u00f5es relevantes.<\/p><p data-start=\"272\" data-end=\"364\">\u00a0<\/p><p data-start=\"272\" data-end=\"364\">Se <b>ainda tiver d\u00favidas sobre o f\u00f3rum<\/b>, recomendamos a leitura do nosso <strong><a href=\"https:\/\/www.ayahuasca2026.com\/pt-br\/faq\/\">FaQ<\/a>.<\/strong><\/p><p data-start=\"272\" data-end=\"364\">\u00a0<\/p><p data-start=\"366\" data-end=\"443\" data-is-last-node=\"\" data-is-only-node=\"\">Para qualquer outra consulta, entre em contato conosco atrav\u00e9s do formul\u00e1rio.<\/p>\t\t\t\t\t\t\t\t<\/div>\n\t\t\t\t<\/div>\n\t\t\t\t<\/div>\n\t\t<div class=\"elementor-element elementor-element-e026440 e-con-full e-flex e-con e-child\" data-id=\"e026440\" data-element_type=\"container\">\n\t\t\t\t<div class=\"elementor-element elementor-element-508a30b elementor-button-align-stretch elementor-widget elementor-widget-form\" data-id=\"508a30b\" data-element_type=\"widget\" data-settings=\"{&quot;step_next_label&quot;:&quot;Pr\\u00f3ximo&quot;,&quot;step_previous_label&quot;:&quot;Anterior&quot;,&quot;button_width&quot;:&quot;100&quot;,&quot;step_type&quot;:&quot;number_text&quot;,&quot;step_icon_shape&quot;:&quot;circle&quot;}\" data-widget_type=\"form.default\">\n\t\t\t\t<div class=\"elementor-widget-container\">\n\t\t\t\t\t\t\t<form class=\"elementor-form\" method=\"post\" name=\"Contact \">\n\t\t\t<input type=\"hidden\" name=\"post_id\" value=\"772\"\/>\n\t\t\t<input type=\"hidden\" name=\"form_id\" value=\"508a30b\"\/>\n\t\t\t<input type=\"hidden\" name=\"referer_title\" value=\"F\u00d3RUM MUNDIAL DA AYAHUASCA\" \/>\n\n\t\t\t\n\t\t\t<div class=\"elementor-form-fields-wrapper elementor-labels-\">\n\t\t\t\t\t\t\t\t<div class=\"elementor-field-type-text elementor-field-group elementor-column elementor-field-group-name elementor-col-100 elementor-field-required\">\n\t\t\t\t\t\t\t\t\t\t\t\t<label for=\"form-field-name\" class=\"elementor-field-label elementor-screen-only\">\n\t\t\t\t\t\t\t\tPrimeiro nome\t\t\t\t\t\t\t<\/label>\n\t\t\t\t\t\t\t\t\t\t\t\t\t\t<input size=\"1\" type=\"text\" name=\"form_fields[name]\" id=\"form-field-name\" class=\"elementor-field elementor-size-sm  elementor-field-textual\" placeholder=\"Primeiro nome\" required=\"required\">\n\t\t\t\t\t\t\t\t\t\t\t<\/div>\n\t\t\t\t\t\t\t\t<div class=\"elementor-field-type-email elementor-field-group elementor-column elementor-field-group-email elementor-col-100 elementor-field-required\">\n\t\t\t\t\t\t\t\t\t\t\t\t<label for=\"form-field-email\" class=\"elementor-field-label elementor-screen-only\">\n\t\t\t\t\t\t\t\tE-mail\t\t\t\t\t\t\t<\/label>\n\t\t\t\t\t\t\t\t\t\t\t\t\t\t<input size=\"1\" type=\"email\" name=\"form_fields[email]\" id=\"form-field-email\" class=\"elementor-field elementor-size-sm  elementor-field-textual\" placeholder=\"E-mail\" required=\"required\">\n\t\t\t\t\t\t\t\t\t\t\t<\/div>\n\t\t\t\t\t\t\t\t<div class=\"elementor-field-type-textarea elementor-field-group elementor-column elementor-field-group-field_3bcd52e elementor-col-100\">\n\t\t\t\t\t\t\t\t\t\t\t\t<label for=\"form-field-field_3bcd52e\" class=\"elementor-field-label elementor-screen-only\">\n\t\t\t\t\t\t\t\tSua mensagem\t\t\t\t\t\t\t<\/label>\n\t\t\t\t\t\t<textarea class=\"elementor-field-textual elementor-field  elementor-size-sm\" name=\"form_fields[field_3bcd52e]\" id=\"form-field-field_3bcd52e\" rows=\"10\" placeholder=\"Sua mensagem\"><\/textarea>\t\t\t\t<\/div>\n\t\t\t\t\t\t\t\t<div class=\"elementor-field-type-acceptance elementor-field-group elementor-column elementor-field-group-field_c4788ef elementor-col-100 elementor-field-required\">\n\t\t\t\t\t\t\t\t\t\t\t\t<label for=\"form-field-field_c4788ef\" class=\"elementor-field-label elementor-screen-only\">\n\t\t\t\t\t\t\t\tlegal\t\t\t\t\t\t\t<\/label>\n\t\t\t\t\t\t\t\t<div class=\"elementor-field-subgroup\">\n\t\t\t<span class=\"elementor-field-option\">\n\t\t\t\t<input type=\"checkbox\" name=\"form_fields[field_c4788ef]\" id=\"form-field-field_c4788ef\" class=\"elementor-field elementor-size-sm  elementor-acceptance-field\" required=\"required\">\n\t\t\t\t<label for=\"form-field-field_c4788ef\">Eu li e aceito <a href=\"https:\/\/www.ayahuasca2026.com\/privacy-policy\/\">os termos de privacidade<\/a> *<\/label>\t\t\t<\/span>\n\t\t<\/div>\n\t\t\t\t\t\t<\/div>\n\t\t\t\t\t\t\t\t<div class=\"elementor-field-type-hcaptcha elementor-field-group elementor-column elementor-field-group-field_48e9122 elementor-col-100\">\n\t\t\t\t\t<div class=\"elementor-field\" id=\"form-field-field_48e9122\"><div class=\"elementor-hcaptcha\">\t\t<input\n\t\t\t\ttype=\"hidden\"\n\t\t\t\tclass=\"hcaptcha-widget-id\"\n\t\t\t\tname=\"hcaptcha-widget-id\"\n\t\t\t\tvalue=\"eyJzb3VyY2UiOlsiZWxlbWVudG9yLXByb1wvZWxlbWVudG9yLXByby5waHAiXSwiZm9ybV9pZCI6MH0=-a57923b9f8531d06714747e99a3a30a8\">\n\t\t\t\t<h-captcha\n\t\t\tclass=\"h-captcha\"\n\t\t\tdata-sitekey=\"a94e44f6-22f2-4190-a37a-57a82a84bb48\"\n\t\t\tdata-theme=\"light\"\n\t\t\tdata-size=\"normal\"\n\t\t\tdata-auto=\"false\"\n\t\t\tdata-ajax=\"false\"\n\t\t\tdata-force=\"false\">\n\t\t<\/h-captcha>\n\t\t<\/div><\/div>\t\t\t\t<\/div>\n\t\t\t\t\t\t\t\t<div class=\"elementor-field-group elementor-column elementor-field-type-submit elementor-col-100 e-form__buttons\">\n\t\t\t\t\t<button class=\"elementor-button elementor-size-sm\" type=\"submit\">\n\t\t\t\t\t\t<span class=\"elementor-button-content-wrapper\">\n\t\t\t\t\t\t\t\t\t\t\t\t\t\t\t\t\t\t\t\t\t\t<span class=\"elementor-button-text\">Enviar<\/span>\n\t\t\t\t\t\t\t\t\t\t\t\t\t<\/span>\n\t\t\t\t\t<\/button>\n\t\t\t\t<\/div>\n\t\t\t<\/div>\n\t\t<\/form>\n\t\t\t\t\t\t<\/div>\n\t\t\t\t<\/div>\n\t\t\t\t<\/div>\n\t\t\t\t\t<\/div>\n\t\t\t\t<\/div>\n\t\t\t\t<\/div>\n\t\t","protected":false},"excerpt":{"rendered":"<p>Gostar\u00edamos muito de nos conectarmos com voc\u00ea! Se voc\u00ea tem interesse em saber mais sobre as oportunidades para participar ou assistir ao f\u00f3rum, recomendamos que assine a nosso boletim. \u00a0 Periodicamente, compartilhamos novidades e informa\u00e7\u00f5es relevantes. \u00a0 Se ainda tiver d\u00favidas sobre o f\u00f3rum, recomendamos a leitura do nosso FaQ. \u00a0 Para qualquer outra consulta, [&hellip;]<\/p>\n","protected":false},"author":8,"featured_media":0,"parent":0,"menu_order":0,"comment_status":"closed","ping_status":"closed","template":"","meta":{"footnotes":""},"class_list":["post-772","page","type-page","status-publish","hentry"],"yoast_head":"<!-- This site is optimized with the Yoast SEO plugin v27.2 - https:\/\/yoast.com\/product\/yoast-seo-wordpress\/ -->\n<title>Contato | F\u00d3RUM MUNDIAL DA AYAHUASCA<\/title>\n<meta name=\"robots\" content=\"index, follow, max-snippet:-1, max-image-preview:large, max-video-preview:-1\" \/>\n<link rel=\"canonical\" href=\"https:\/\/www.ayahuasca2026.com\/pt-br\/contacte\/\" \/>\n<meta property=\"og:locale\" content=\"pt_BR\" \/>\n<meta property=\"og:type\" content=\"article\" \/>\n<meta property=\"og:title\" content=\"Contato | F\u00d3RUM MUNDIAL DA AYAHUASCA\" \/>\n<meta property=\"og:description\" content=\"Gostar\u00edamos muito de nos conectarmos com voc\u00ea! Se voc\u00ea tem interesse em saber mais sobre as oportunidades para participar ou assistir ao f\u00f3rum, recomendamos que assine a nosso boletim. \u00a0 Periodicamente, compartilhamos novidades e informa\u00e7\u00f5es relevantes. \u00a0 Se ainda tiver d\u00favidas sobre o f\u00f3rum, recomendamos a leitura do nosso FaQ. \u00a0 Para qualquer outra consulta, [&hellip;]\" \/>\n<meta property=\"og:url\" content=\"https:\/\/www.ayahuasca2026.com\/pt-br\/contacte\/\" \/>\n<meta property=\"og:site_name\" content=\"F\u00d3RUM MUNDIAL DA AYAHUASCA\" \/>\n<meta property=\"article:modified_time\" content=\"2026-01-13T02:57:49+00:00\" \/>\n<meta name=\"twitter:card\" content=\"summary_large_image\" \/>\n<script type=\"application\/ld+json\" class=\"yoast-schema-graph\">{\"@context\":\"https:\/\/schema.org\",\"@graph\":[{\"@type\":\"WebPage\",\"@id\":\"https:\/\/www.ayahuasca2026.com\/pt-br\/contacte\/\",\"url\":\"https:\/\/www.ayahuasca2026.com\/pt-br\/contacte\/\",\"name\":\"Contato | F\u00d3RUM MUNDIAL DA AYAHUASCA\",\"isPartOf\":{\"@id\":\"https:\/\/www.ayahuasca2026.com\/pt-br\/#website\"},\"datePublished\":\"2025-05-29T07:30:15+00:00\",\"dateModified\":\"2026-01-13T02:57:49+00:00\",\"breadcrumb\":{\"@id\":\"https:\/\/www.ayahuasca2026.com\/pt-br\/contacte\/#breadcrumb\"},\"inLanguage\":\"pt-BR\",\"potentialAction\":[{\"@type\":\"ReadAction\",\"target\":[\"https:\/\/www.ayahuasca2026.com\/pt-br\/contacte\/\"]}]},{\"@type\":\"BreadcrumbList\",\"@id\":\"https:\/\/www.ayahuasca2026.com\/pt-br\/contacte\/#breadcrumb\",\"itemListElement\":[{\"@type\":\"ListItem\",\"position\":1,\"name\":\"Home\",\"item\":\"https:\/\/www.ayahuasca2026.com\/pt-br\/\"},{\"@type\":\"ListItem\",\"position\":2,\"name\":\"Contato\"}]},{\"@type\":\"WebSite\",\"@id\":\"https:\/\/www.ayahuasca2026.com\/pt-br\/#website\",\"url\":\"https:\/\/www.ayahuasca2026.com\/pt-br\/\",\"name\":\"World Ayahuasca Forum\",\"description\":\"\",\"publisher\":{\"@id\":\"https:\/\/www.ayahuasca2026.com\/pt-br\/#organization\"},\"potentialAction\":[{\"@type\":\"SearchAction\",\"target\":{\"@type\":\"EntryPoint\",\"urlTemplate\":\"https:\/\/www.ayahuasca2026.com\/pt-br\/?s={search_term_string}\"},\"query-input\":{\"@type\":\"PropertyValueSpecification\",\"valueRequired\":true,\"valueName\":\"search_term_string\"}}],\"inLanguage\":\"pt-BR\"},{\"@type\":\"Organization\",\"@id\":\"https:\/\/www.ayahuasca2026.com\/pt-br\/#organization\",\"name\":\"World Ayahuasca Forum\",\"url\":\"https:\/\/www.ayahuasca2026.com\/pt-br\/\",\"logo\":{\"@type\":\"ImageObject\",\"inLanguage\":\"pt-BR\",\"@id\":\"https:\/\/www.ayahuasca2026.com\/pt-br\/#\/schema\/logo\/image\/\",\"url\":\"https:\/\/www.ayahuasca2026.com\/wp-content\/uploads\/2025\/05\/Ayahuasca-logo-m.webp\",\"contentUrl\":\"https:\/\/www.ayahuasca2026.com\/wp-content\/uploads\/2025\/05\/Ayahuasca-logo-m.webp\",\"width\":320,\"height\":319,\"caption\":\"World Ayahuasca Forum\"},\"image\":{\"@id\":\"https:\/\/www.ayahuasca2026.com\/pt-br\/#\/schema\/logo\/image\/\"}}]}<\/script>\n<!-- \/ Yoast SEO plugin. -->","yoast_head_json":{"title":"Contato | F\u00d3RUM MUNDIAL DA AYAHUASCA","robots":{"index":"index","follow":"follow","max-snippet":"max-snippet:-1","max-image-preview":"max-image-preview:large","max-video-preview":"max-video-preview:-1"},"canonical":"https:\/\/www.ayahuasca2026.com\/pt-br\/contacte\/","og_locale":"pt_BR","og_type":"article","og_title":"Contato | F\u00d3RUM MUNDIAL DA AYAHUASCA","og_description":"Gostar\u00edamos muito de nos conectarmos com voc\u00ea! Se voc\u00ea tem interesse em saber mais sobre as oportunidades para participar ou assistir ao f\u00f3rum, recomendamos que assine a nosso boletim. \u00a0 Periodicamente, compartilhamos novidades e informa\u00e7\u00f5es relevantes. \u00a0 Se ainda tiver d\u00favidas sobre o f\u00f3rum, recomendamos a leitura do nosso FaQ. \u00a0 Para qualquer outra consulta, [&hellip;]","og_url":"https:\/\/www.ayahuasca2026.com\/pt-br\/contacte\/","og_site_name":"F\u00d3RUM MUNDIAL DA AYAHUASCA","article_modified_time":"2026-01-13T02:57:49+00:00","twitter_card":"summary_large_image","schema":{"@context":"https:\/\/schema.org","@graph":[{"@type":"WebPage","@id":"https:\/\/www.ayahuasca2026.com\/pt-br\/contacte\/","url":"https:\/\/www.ayahuasca2026.com\/pt-br\/contacte\/","name":"Contato | F\u00d3RUM MUNDIAL DA AYAHUASCA","isPartOf":{"@id":"https:\/\/www.ayahuasca2026.com\/pt-br\/#website"},"datePublished":"2025-05-29T07:30:15+00:00","dateModified":"2026-01-13T02:57:49+00:00","breadcrumb":{"@id":"https:\/\/www.ayahuasca2026.com\/pt-br\/contacte\/#breadcrumb"},"inLanguage":"pt-BR","potentialAction":[{"@type":"ReadAction","target":["https:\/\/www.ayahuasca2026.com\/pt-br\/contacte\/"]}]},{"@type":"BreadcrumbList","@id":"https:\/\/www.ayahuasca2026.com\/pt-br\/contacte\/#breadcrumb","itemListElement":[{"@type":"ListItem","position":1,"name":"Home","item":"https:\/\/www.ayahuasca2026.com\/pt-br\/"},{"@type":"ListItem","position":2,"name":"Contato"}]},{"@type":"WebSite","@id":"https:\/\/www.ayahuasca2026.com\/pt-br\/#website","url":"https:\/\/www.ayahuasca2026.com\/pt-br\/","name":"World Ayahuasca Forum","description":"","publisher":{"@id":"https:\/\/www.ayahuasca2026.com\/pt-br\/#organization"},"potentialAction":[{"@type":"SearchAction","target":{"@type":"EntryPoint","urlTemplate":"https:\/\/www.ayahuasca2026.com\/pt-br\/?s={search_term_string}"},"query-input":{"@type":"PropertyValueSpecification","valueRequired":true,"valueName":"search_term_string"}}],"inLanguage":"pt-BR"},{"@type":"Organization","@id":"https:\/\/www.ayahuasca2026.com\/pt-br\/#organization","name":"World Ayahuasca Forum","url":"https:\/\/www.ayahuasca2026.com\/pt-br\/","logo":{"@type":"ImageObject","inLanguage":"pt-BR","@id":"https:\/\/www.ayahuasca2026.com\/pt-br\/#\/schema\/logo\/image\/","url":"https:\/\/www.ayahuasca2026.com\/wp-content\/uploads\/2025\/05\/Ayahuasca-logo-m.webp","contentUrl":"https:\/\/www.ayahuasca2026.com\/wp-content\/uploads\/2025\/05\/Ayahuasca-logo-m.webp","width":320,"height":319,"caption":"World Ayahuasca Forum"},"image":{"@id":"https:\/\/www.ayahuasca2026.com\/pt-br\/#\/schema\/logo\/image\/"}}]}},"_links":{"self":[{"href":"https:\/\/www.ayahuasca2026.com\/pt-br\/wp-json\/wp\/v2\/pages\/772","targetHints":{"allow":["GET"]}}],"collection":[{"href":"https:\/\/www.ayahuasca2026.com\/pt-br\/wp-json\/wp\/v2\/pages"}],"about":[{"href":"https:\/\/www.ayahuasca2026.com\/pt-br\/wp-json\/wp\/v2\/types\/page"}],"author":[{"embeddable":true,"href":"https:\/\/www.ayahuasca2026.com\/pt-br\/wp-json\/wp\/v2\/users\/8"}],"replies":[{"embeddable":true,"href":"https:\/\/www.ayahuasca2026.com\/pt-br\/wp-json\/wp\/v2\/comments?post=772"}],"version-history":[{"count":24,"href":"https:\/\/www.ayahuasca2026.com\/pt-br\/wp-json\/wp\/v2\/pages\/772\/revisions"}],"predecessor-version":[{"id":5287,"href":"https:\/\/www.ayahuasca2026.com\/pt-br\/wp-json\/wp\/v2\/pages\/772\/revisions\/5287"}],"wp:attachment":[{"href":"https:\/\/www.ayahuasca2026.com\/pt-br\/wp-json\/wp\/v2\/media?parent=772"}],"curies":[{"name":"wp","href":"https:\/\/api.w.org\/{rel}","templated":true}]}}